{"id":308,"date":"2020-01-13T11:17:52","date_gmt":"2020-01-13T11:17:52","guid":{"rendered":"https:\/\/demosites.io\/web-agency-gb\/?page_id=5"},"modified":"2024-11-21T21:12:29","modified_gmt":"2024-11-22T01:12:29","slug":"15c42-web-agency-gb-home","status":"publish","type":"page","link":"https:\/\/gcdcpropertymgt.com\/es\/","title":{"rendered":"In\u00edcio"},"content":{"rendered":"<div class=\"wp-block-cover alignfull is-light\" style=\"min-height:700px;aspect-ratio:unset;\"><span aria-hidden=\"true\" class=\"wp-block-cover__background has-nv-light-bg-background-color has-background-dim\"><\/span><img fetchpriority=\"high\" decoding=\"async\" width=\"1500\" height=\"844\" class=\"wp-block-cover__image-background wp-image-488\" alt=\"\" src=\"https:\/\/ml0eqcvxrygk.i.optimole.com\/w:auto\/h:auto\/q:mauto\/f:best\/https:\/\/gcdcpropertymgt.com\/wp-content\/uploads\/2023\/08\/20211212_125015-Size-medium-1.jpg\" style=\"object-position:49% 0%\" data-object-fit=\"cover\" data-object-position=\"49% 0%\" srcset=\"https:\/\/ml0eqcvxrygk.i.optimole.com\/w:auto\/h:auto\/q:mauto\/f:best\/https:\/\/gcdcpropertymgt.com\/wp-content\/uploads\/2023\/08\/20211212_125015-Size-medium-1.jpg 1500w, https:\/\/ml0eqcvxrygk.i.optimole.com\/w:300\/h:169\/q:mauto\/f:best\/https:\/\/gcdcpropertymgt.com\/wp-content\/uploads\/2023\/08\/20211212_125015-Size-medium-1.jpg 300w, https:\/\/ml0eqcvxrygk.i.optimole.com\/w:1024\/h:576\/q:mauto\/f:best\/https:\/\/gcdcpropertymgt.com\/wp-content\/uploads\/2023\/08\/20211212_125015-Size-medium-1.jpg 1024w, https:\/\/ml0eqcvxrygk.i.optimole.com\/w:768\/h:432\/q:mauto\/f:best\/https:\/\/gcdcpropertymgt.com\/wp-content\/uploads\/2023\/08\/20211212_125015-Size-medium-1.jpg 768w\" sizes=\"(max-width: 1500px) 100vw, 1500px\" \/><div class=\"wp-block-cover__inner-container is-layout-flow wp-block-cover-is-layout-flow\">\n<div style=\"height:80px\" aria-hidden=\"true\" class=\"wp-block-spacer\"><\/div>\n\n\n\n<h1 class=\"wp-block-heading has-text-align-center has-text-color\" style=\"color:#121212\">Para una gesti\u00f3n inmobiliaria sin concesiones<\/h1>\n\n\n\n<p class=\"has-text-align-center has-medium-font-size\">Con m\u00e1s de 20 a\u00f1os de experiencia en inversiones HOA y un historial probado en gesti\u00f3n de condominios y propiedades, nuestro equipo est\u00e1 bien equipado para asesorarle y se esfuerza por ofrecerle un servicio eficiente.<\/p>\n\n\n\n<div style=\"height:20px\" aria-hidden=\"true\" class=\"wp-block-spacer\"><\/div>\n\n\n\n<div class=\"wp-block-buttons is-horizontal is-content-justification-center is-layout-flex wp-container-core-buttons-is-layout-1 wp-block-buttons-is-layout-flex\">\n<div class=\"wp-block-button is-style-primary\"><a class=\"wp-block-button__link wp-element-button\" href=\"http:\/\/gcdcpropertymgt.com\/es\/about-us\/\">Qui\u00e9nes somos<\/a><\/div>\n\n\n\n<div class=\"wp-block-button is-style-secondary\"><a class=\"wp-block-button__link wp-element-button\" href=\"http:\/\/gcdcpropertymgt.com\/es\/contact-us\/\">Contact\u00e1nos<\/a><\/div>\n<\/div>\n\n\n\n<div style=\"height:80px\" aria-hidden=\"true\" class=\"wp-block-spacer\"><\/div>\n\n\n\n<div style=\"height:80px\" aria-hidden=\"true\" class=\"wp-block-spacer\"><\/div>\n<\/div><\/div>\n\n\n\n<div style=\"height:80px\" aria-hidden=\"true\" class=\"wp-block-spacer\"><\/div>\n\n\n\n<div class=\"wp-block-columns is-layout-flex wp-container-core-columns-is-layout-1 wp-block-columns-is-layout-flex\">\n<div class=\"wp-block-column is-layout-flow wp-block-column-is-layout-flow\"><div class=\"wp-block-image icon-style is-style-rounded\">\n<figure class=\"aligncenter size-large\"><img fetchpriority=\"high\" decoding=\"async\" width=\"72\" height=\"72\" src=\"https:\/\/ml0eqcvxrygk.i.optimole.com\/w:auto\/h:auto\/q:mauto\/f:best\/http:\/\/gcdcpropertymgt.com\/wp-content\/uploads\/2020\/01\/neve-webdesign-GB-03.png\" alt=\"\" class=\"wp-image-20\" title=\"\"\/><\/figure><\/div>\n\n\n<div style=\"height:20px\" aria-hidden=\"true\" class=\"wp-block-spacer\"><\/div>\n\n\n\n<h3 class=\"wp-block-heading has-text-align-center has-neve-text-color-color has-text-color\">Soluci\u00f3n inmobiliaria personalizada<\/h3>\n\n\n\n<p class=\"has-text-align-center\">Para propietarios-inversores de una o varias propiedades, HOA ..... y promotores inmobiliarios.<\/p>\n\n\n\n<div style=\"height:20px\" aria-hidden=\"true\" class=\"wp-block-spacer\"><\/div>\n<\/div>\n\n\n\n<div class=\"wp-block-column is-layout-flow wp-block-column-is-layout-flow\"><div class=\"wp-block-image icon-style is-style-rounded\">\n<figure class=\"aligncenter size-large\"><img fetchpriority=\"high\" decoding=\"async\" width=\"72\" height=\"72\" src=\"https:\/\/ml0eqcvxrygk.i.optimole.com\/w:auto\/h:auto\/q:mauto\/f:best\/http:\/\/gcdcpropertymgt.com\/wp-content\/uploads\/2020\/01\/neve-webdesign-GB-04.png\" alt=\"\" class=\"wp-image-21\"\/><\/figure><\/div>\n\n\n<div style=\"height:20px\" aria-hidden=\"true\" class=\"wp-block-spacer\"><\/div>\n\n\n\n<h3 class=\"wp-block-heading has-text-align-center has-neve-text-color-color has-text-color\">Optimizaci\u00f3n de inversiones<\/h3>\n\n\n\n<p class=\"has-text-align-center\">Gestionamos varios inmuebles a la vez, maximizando el rendimiento de su inversi\u00f3n.<\/p>\n\n\n\n<div style=\"height:20px\" aria-hidden=\"true\" class=\"wp-block-spacer\"><\/div>\n<\/div>\n\n\n\n<div class=\"wp-block-column is-layout-flow wp-block-column-is-layout-flow\"><div class=\"wp-block-image icon-style is-style-rounded\">\n<figure class=\"aligncenter size-large\"><img data-opt-src=\"https:\/\/ml0eqcvxrygk.i.optimole.com\/w:auto\/h:auto\/q:mauto\/f:best\/http:\/\/gcdcpropertymgt.com\/wp-content\/uploads\/2020\/01\/neve-webdesign-GB-01.png\"  decoding=\"async\" width=\"72\" height=\"72\" src=\"data:image/svg+xml,%3Csvg%20viewBox%3D%220%200%20100%%20100%%22%20width%3D%22100%%22%20height%3D%22100%%22%20xmlns%3D%22http%3A%2F%2Fwww.w3.org%2F2000%2Fsvg%22%3E%3Crect%20width%3D%22100%%22%20height%3D%22100%%22%20fill%3D%22transparent%22%2F%3E%3C%2Fsvg%3E\" alt=\"\" class=\"wp-image-18\"\/><\/figure><\/div>\n\n\n<div style=\"height:20px\" aria-hidden=\"true\" class=\"wp-block-spacer\"><\/div>\n\n\n\n<h3 class=\"wp-block-heading has-text-align-center has-neve-text-color-color has-text-color\">Integraci\u00f3n sencilla<\/h3>\n\n\n\n<p class=\"has-text-align-center\">Experiencia de integraci\u00f3n impecable y gesti\u00f3n integral de proyectos.<\/p>\n\n\n\n<div style=\"height:20px\" aria-hidden=\"true\" class=\"wp-block-spacer\"><\/div>\n<\/div>\n<\/div>\n\n\n\n<div style=\"height:80px\" aria-hidden=\"true\" class=\"wp-block-spacer\"><\/div>\n\n\n\n<div class=\"wp-block-cover alignfull\" style=\"min-height:100px;aspect-ratio:unset;\"><span aria-hidden=\"true\" class=\"wp-block-cover__background has-nv-dark-bg-background-color has-background-dim-100 has-background-dim\"><\/span><div class=\"wp-block-cover__inner-container is-layout-flow wp-block-cover-is-layout-flow\">\n<div style=\"height:30px\" aria-hidden=\"true\" class=\"wp-block-spacer\"><\/div>\n\n\n\n<div class=\"wp-block-columns is-layout-flex wp-container-core-columns-is-layout-2 wp-block-columns-is-layout-flex\">\n<div class=\"wp-block-column is-layout-flow wp-block-column-is-layout-flow\" style=\"flex-basis:100%\">\n<figure class=\"wp-block-pullquote has-large-font-size\"><blockquote><p>Su equipo local dedicado<\/p><cite>Un servicio innovador, eficiente y eficaz.<\/cite><\/blockquote><\/figure>\n<\/div>\n<\/div>\n\n\n\n<div style=\"height:10px\" aria-hidden=\"true\" class=\"wp-block-spacer\"><\/div>\n<\/div><\/div>\n\n\n\n<div class=\"wp-block-cover alignfull\" style=\"min-height:600px;aspect-ratio:unset;\"><span aria-hidden=\"true\" class=\"wp-block-cover__background has-nv-light-bg-background-color has-background-dim-100 has-background-dim\"><\/span><div class=\"wp-block-cover__inner-container is-layout-flow wp-block-cover-is-layout-flow\">\n<div class=\"wp-block-group\"><div class=\"wp-block-group__inner-container is-layout-flow wp-block-group-is-layout-flow\">\n<div style=\"height:80px\" aria-hidden=\"true\" class=\"wp-block-spacer\"><\/div>\n\n\n\n<div class=\"wp-block-columns are-vertically-aligned-center is-layout-flex wp-container-core-columns-is-layout-3 wp-block-columns-is-layout-flex\">\n<div class=\"wp-block-column is-vertically-aligned-center is-layout-flow wp-block-column-is-layout-flow\" style=\"flex-basis:50%\">\n<figure class=\"wp-block-image size-full\"><img data-opt-src=\"https:\/\/ml0eqcvxrygk.i.optimole.com\/w:auto\/h:auto\/q:mauto\/f:best\/https:\/\/gcdcpropertymgt.com\/wp-content\/uploads\/2023\/09\/Property-Management-2.jpg\"  decoding=\"async\" width=\"756\" height=\"756\" src=\"data:image/svg+xml,%3Csvg%20viewBox%3D%220%200%20100%%20100%%22%20width%3D%22100%%22%20height%3D%22100%%22%20xmlns%3D%22http%3A%2F%2Fwww.w3.org%2F2000%2Fsvg%22%3E%3Crect%20width%3D%22100%%22%20height%3D%22100%%22%20fill%3D%22transparent%22%2F%3E%3C%2Fsvg%3E\" alt=\"\" class=\"wp-image-626\" old-srcset=\"https:\/\/ml0eqcvxrygk.i.optimole.com\/w:auto\/h:auto\/q:mauto\/f:best\/https:\/\/gcdcpropertymgt.com\/wp-content\/uploads\/2023\/09\/Property-Management-2.jpg 756w, https:\/\/ml0eqcvxrygk.i.optimole.com\/w:300\/h:300\/q:mauto\/f:best\/https:\/\/gcdcpropertymgt.com\/wp-content\/uploads\/2023\/09\/Property-Management-2.jpg 300w, https:\/\/ml0eqcvxrygk.i.optimole.com\/w:150\/h:150\/q:mauto\/rt:fill\/g:ce\/f:best\/https:\/\/gcdcpropertymgt.com\/wp-content\/uploads\/2023\/09\/Property-Management-2.jpg 150w\" \/><\/figure>\n<\/div>\n\n\n\n<div class=\"wp-block-column is-vertically-aligned-center is-layout-flow wp-block-column-is-layout-flow\" style=\"flex-basis:50%\">\n<div style=\"height:20px\" aria-hidden=\"true\" class=\"wp-block-spacer\"><\/div>\n\n\n\n<h2 class=\"wp-block-heading has-text-align-left has-neve-text-color-color has-text-color\"><strong>Gesti\u00f3n inmobiliaria<\/strong><\/h2>\n\n\n\n<p class=\"has-text-align-left has-neve-text-color-color has-text-color\" style=\"font-size:17px\">Nos centramos en crear un entorno de vida armonioso. Nos ocuparemos de todos los aspectos de la gesti\u00f3n de la propiedad y administraremos su comunidad de forma eficiente, ocup\u00e1ndonos de las cuotas, el mantenimiento y la resoluci\u00f3n de conflictos.<\/p>\n\n\n\n<div style=\"height:20px\" aria-hidden=\"true\" class=\"wp-block-spacer\"><\/div>\n\n\n\n<div class=\"wp-block-buttons is-horizontal is-content-justification-left is-layout-flex wp-container-core-buttons-is-layout-2 wp-block-buttons-is-layout-flex\">\n<div class=\"wp-block-button is-style-primary\"><a class=\"wp-block-button__link wp-element-button\" href=\"https:\/\/gcdcpropertymgt.com\/es\/property-management\/\">Inf\u00f3rmate<\/a><\/div>\n<\/div>\n<\/div>\n<\/div>\n\n\n\n<div style=\"height:40px\" aria-hidden=\"true\" class=\"wp-block-spacer\"><\/div>\n<\/div><\/div>\n<\/div><\/div>\n\n\n\n<div class=\"wp-block-cover alignfull\" style=\"min-height:600px;aspect-ratio:unset;\"><span aria-hidden=\"true\" class=\"wp-block-cover__background has-nv-site-bg-background-color has-background-dim-100 has-background-dim\"><\/span><div class=\"wp-block-cover__inner-container is-layout-flow wp-block-cover-is-layout-flow\">\n<div class=\"wp-block-group\"><div class=\"wp-block-group__inner-container is-layout-flow wp-block-group-is-layout-flow\">\n<div style=\"height:80px\" aria-hidden=\"true\" class=\"wp-block-spacer\"><\/div>\n\n\n\n<div class=\"wp-block-columns are-vertically-aligned-center is-layout-flex wp-container-core-columns-is-layout-4 wp-block-columns-is-layout-flex\">\n<div class=\"wp-block-column is-vertically-aligned-center is-layout-flow wp-block-column-is-layout-flow\" style=\"flex-basis:50%\">\n<h2 class=\"wp-block-heading has-text-align-left has-neve-text-color-color has-text-color\"><strong>Servicios a Propietarios<\/strong><\/h2>\n\n\n\n<p class=\"has-text-align-left has-neve-text-color-color has-text-color\" style=\"font-size:17px\">Nuestra experiencia en gesti\u00f3n de propiedades es la clave de su \u00e9xito. Optimizamos los alquileres para estancias cortas, medias y largas mediante marketing estrat\u00e9gico, maximizando las reservas y los ingresos. Nuestro software de \u00faltima generaci\u00f3n agiliza las operaciones y facilita su inversi\u00f3n.<\/p>\n\n\n\n<div style=\"height:20px\" aria-hidden=\"true\" class=\"wp-block-spacer\"><\/div>\n\n\n\n<div class=\"wp-block-buttons is-horizontal is-content-justification-left is-layout-flex wp-container-core-buttons-is-layout-3 wp-block-buttons-is-layout-flex\">\n<div class=\"wp-block-button is-style-primary\"><a class=\"wp-block-button__link wp-element-button\" href=\"https:\/\/gcdcpropertymgt.com\/es\/owner-services\/\">Inf\u00f3rmate<\/a><\/div>\n<\/div>\n\n\n\n<div style=\"height:40px\" aria-hidden=\"true\" class=\"wp-block-spacer\"><\/div>\n<\/div>\n\n\n\n<div class=\"wp-block-column is-vertically-aligned-center is-layout-flow wp-block-column-is-layout-flow\" style=\"flex-basis:50%\">\n<figure class=\"wp-block-image size-full\"><img data-opt-src=\"https:\/\/ml0eqcvxrygk.i.optimole.com\/w:auto\/h:auto\/q:mauto\/f:best\/https:\/\/gcdcpropertymgt.com\/wp-content\/uploads\/2023\/09\/Rental-Customer-Services-1.jpg\"  decoding=\"async\" width=\"800\" height=\"800\" src=\"data:image/svg+xml,%3Csvg%20viewBox%3D%220%200%20100%%20100%%22%20width%3D%22100%%22%20height%3D%22100%%22%20xmlns%3D%22http%3A%2F%2Fwww.w3.org%2F2000%2Fsvg%22%3E%3Crect%20width%3D%22100%%22%20height%3D%22100%%22%20fill%3D%22transparent%22%2F%3E%3C%2Fsvg%3E\" alt=\"\" class=\"wp-image-636\" old-srcset=\"https:\/\/ml0eqcvxrygk.i.optimole.com\/w:auto\/h:auto\/q:mauto\/f:best\/https:\/\/gcdcpropertymgt.com\/wp-content\/uploads\/2023\/09\/Rental-Customer-Services-1.jpg 800w, https:\/\/ml0eqcvxrygk.i.optimole.com\/w:300\/h:300\/q:mauto\/f:best\/https:\/\/gcdcpropertymgt.com\/wp-content\/uploads\/2023\/09\/Rental-Customer-Services-1.jpg 300w, https:\/\/ml0eqcvxrygk.i.optimole.com\/w:150\/h:150\/q:mauto\/rt:fill\/g:ce\/f:best\/https:\/\/gcdcpropertymgt.com\/wp-content\/uploads\/2023\/09\/Rental-Customer-Services-1.jpg 150w, https:\/\/ml0eqcvxrygk.i.optimole.com\/w:768\/h:768\/q:mauto\/f:best\/https:\/\/gcdcpropertymgt.com\/wp-content\/uploads\/2023\/09\/Rental-Customer-Services-1.jpg 768w\" \/><\/figure>\n<\/div>\n<\/div>\n\n\n\n<div style=\"height:40px\" aria-hidden=\"true\" class=\"wp-block-spacer\"><\/div>\n<\/div><\/div>\n<\/div><\/div>\n\n\n\n<div class=\"wp-block-cover alignfull\" style=\"min-height:300px;aspect-ratio:unset;\"><span aria-hidden=\"true\" class=\"wp-block-cover__background has-nv-dark-bg-background-color has-background-dim-100 has-background-dim\"><\/span><div class=\"wp-block-cover__inner-container is-layout-flow wp-block-cover-is-layout-flow\">\n<div style=\"height:140px\" aria-hidden=\"true\" class=\"wp-block-spacer\"><\/div>\n\n\n\n<h2 class=\"wp-block-heading has-text-align-center has-nv-text-dark-bg-color has-text-color translation-block\">Trabajemos juntos en tu pr\u00f3ximo proyecto<\/h2>\n\n\n\n<p class=\"has-text-align-center\">Nuestra prioridad es ofrecer excelencia y tranquilidad. P\u00f3ngase en contacto con nosotros hoy mismo para hablar de sus requisitos espec\u00edficos.<\/p>\n\n\n\n<div style=\"height:20px\" aria-hidden=\"true\" class=\"wp-block-spacer\"><\/div>\n\n\n\n<div class=\"wp-block-buttons is-horizontal is-content-justification-center is-layout-flex wp-container-core-buttons-is-layout-4 wp-block-buttons-is-layout-flex\">\n<div class=\"wp-block-button is-style-primary\"><a class=\"wp-block-button__link wp-element-button\" href=\"http:\/\/gcdcpropertymgt.com\/es\/contact-us\/\">Contact\u00e1nos<\/a><\/div>\n<\/div>\n\n\n\n<div style=\"height:140px\" aria-hidden=\"true\" class=\"wp-block-spacer\"><\/div>\n<\/div><\/div>","protected":false},"excerpt":{"rendered":"<p>Tailored property solution For single and multi-property owner-investor, HOA \u2026.. and real estate developer. Investments optimization We manage multiple properties seamlessly, maximizing your return on investments. Streamline onboarding Effortless onboarding experience and comprehensive project management.<\/p>","protected":false},"author":1,"featured_media":0,"parent":0,"menu_order":0,"comment_status":"closed","ping_status":"closed","template":"","meta":{"neve_meta_sidebar":"default","neve_meta_container":"default","neve_meta_enable_content_width":"on","neve_meta_content_width":100,"neve_meta_title_alignment":"","neve_meta_author_avatar":"","neve_post_elements_order":"","neve_meta_disable_header":"","neve_meta_disable_footer":"","neve_meta_disable_title":"on","_themeisle_gutenberg_block_has_review":false,"_ti_tpc_template_sync":false,"_ti_tpc_template_id":"5udqur826ojgsxrmsxsc","footnotes":""},"class_list":["post-308","page","type-page","status-publish","hentry"],"aioseo_notices":[],"_links":{"self":[{"href":"https:\/\/gcdcpropertymgt.com\/es\/wp-json\/wp\/v2\/pages\/308","targetHints":{"allow":["GET"]}}],"collection":[{"href":"https:\/\/gcdcpropertymgt.com\/es\/wp-json\/wp\/v2\/pages"}],"about":[{"href":"https:\/\/gcdcpropertymgt.com\/es\/wp-json\/wp\/v2\/types\/page"}],"author":[{"embeddable":true,"href":"https:\/\/gcdcpropertymgt.com\/es\/wp-json\/wp\/v2\/users\/1"}],"replies":[{"embeddable":true,"href":"https:\/\/gcdcpropertymgt.com\/es\/wp-json\/wp\/v2\/comments?post=308"}],"version-history":[{"count":46,"href":"https:\/\/gcdcpropertymgt.com\/es\/wp-json\/wp\/v2\/pages\/308\/revisions"}],"predecessor-version":[{"id":993,"href":"https:\/\/gcdcpropertymgt.com\/es\/wp-json\/wp\/v2\/pages\/308\/revisions\/993"}],"wp:attachment":[{"href":"https:\/\/gcdcpropertymgt.com\/es\/wp-json\/wp\/v2\/media?parent=308"}],"curies":[{"name":"wp","href":"https:\/\/api.w.org\/{rel}","templated":true}]}}