{"id":61,"date":"2020-01-23T18:21:52","date_gmt":"2020-01-23T18:21:52","guid":{"rendered":"https:\/\/demosites.io\/web-agency-gb\/?page_id=61"},"modified":"2023-10-01T16:23:30","modified_gmt":"2023-10-01T20:23:30","slug":"about-us","status":"publish","type":"page","link":"https:\/\/gcdcpropertymgt.com\/es\/about-us\/","title":{"rendered":"Qui\u00e9nes somos"},"content":{"rendered":"<div class=\"wp-block-cover alignfull\" style=\"min-height:100px;aspect-ratio:unset;\"><span aria-hidden=\"true\" class=\"wp-block-cover__background has-nv-site-bg-background-color has-background-dim-100 has-background-dim\"><\/span><div class=\"wp-block-cover__inner-container is-layout-flow wp-block-cover-is-layout-flow\">\n<div class=\"wp-block-group\"><div class=\"wp-block-group__inner-container is-layout-flow wp-block-group-is-layout-flow\">\n<h1 class=\"wp-block-heading has-text-align-left has-neve-text-color-color has-text-color\">Qui\u00e9nes somos<\/h1>\n<\/div><\/div>\n<\/div><\/div>\n\n\n\n<div class=\"wp-block-cover alignfull\" style=\"min-height:600px;aspect-ratio:unset;\"><span aria-hidden=\"true\" class=\"wp-block-cover__background has-nv-light-bg-background-color has-background-dim-100 has-background-dim\"><\/span><div class=\"wp-block-cover__inner-container is-layout-flow wp-block-cover-is-layout-flow\">\n<div class=\"wp-block-group\"><div class=\"wp-block-group__inner-container is-layout-flow wp-block-group-is-layout-flow\">\n<div style=\"height:80px\" aria-hidden=\"true\" class=\"wp-block-spacer\"><\/div>\n\n\n\n<div class=\"wp-block-columns are-vertically-aligned-center has-neve-text-color-color has-text-color is-layout-flex wp-container-core-columns-is-layout-1 wp-block-columns-is-layout-flex\">\n<div class=\"wp-block-column is-vertically-aligned-center is-layout-flow wp-block-column-is-layout-flow\" style=\"flex-basis:50%\">\n<figure class=\"wp-block-image size-large\"><img fetchpriority=\"high\" decoding=\"async\" width=\"600\" height=\"600\" src=\"https:\/\/ml0eqcvxrygk.i.optimole.com\/w:auto\/h:auto\/q:mauto\/f:best\/http:\/\/gcdcpropertymgt.com\/wp-content\/uploads\/2020\/01\/neve-web-design-bg-09.jpg\" alt=\"\" class=\"wp-image-36\" srcset=\"https:\/\/ml0eqcvxrygk.i.optimole.com\/w:auto\/h:auto\/q:mauto\/f:best\/https:\/\/gcdcpropertymgt.com\/wp-content\/uploads\/2020\/01\/neve-web-design-bg-09.jpg 600w, https:\/\/ml0eqcvxrygk.i.optimole.com\/w:300\/h:300\/q:mauto\/f:best\/https:\/\/gcdcpropertymgt.com\/wp-content\/uploads\/2020\/01\/neve-web-design-bg-09.jpg 300w, https:\/\/ml0eqcvxrygk.i.optimole.com\/w:150\/h:150\/q:mauto\/rt:fill\/g:ce\/f:best\/https:\/\/gcdcpropertymgt.com\/wp-content\/uploads\/2020\/01\/neve-web-design-bg-09.jpg 150w\" sizes=\"(max-width: 600px) 100vw, 600px\" \/><\/figure>\n<\/div>\n\n\n\n<div class=\"wp-block-column is-vertically-aligned-center is-layout-flow wp-block-column-is-layout-flow\" style=\"flex-basis:50%\">\n<h2 class=\"wp-block-heading has-neve-text-color-color has-text-color\">Acerca de nosotros<\/h2>\n\n\n\n<p>Con m\u00e1s de 20 a\u00f1os de experiencia en inversiones HOA y un historial probado en gesti\u00f3n de condominios y propiedades, nuestro equipo est\u00e1 bien equipado para asesorarle y se esfuerza por ofrecerle un servicio eficiente.<\/p>\n\n\n\n<p>Nuestro equipo incluye administradores de bienes ra\u00edces, apoyo administrativo, contables, agentes de alquiler, expertos en marketing digital, decoradores de interiores, fot\u00f3grafos y agentes inmobiliarios.<\/p>\n<\/div>\n<\/div>\n\n\n\n<div style=\"height:40px\" aria-hidden=\"true\" class=\"wp-block-spacer\"><\/div>\n<\/div><\/div>\n<\/div><\/div>\n\n\n\n<div class=\"wp-block-cover alignfull\" style=\"min-height:600px;aspect-ratio:unset;\"><span aria-hidden=\"true\" class=\"wp-block-cover__background has-nv-dark-bg-background-color has-background-dim-100 has-background-dim\"><\/span><div class=\"wp-block-cover__inner-container is-layout-flow wp-block-cover-is-layout-flow\">\n<div class=\"wp-block-group\"><div class=\"wp-block-group__inner-container is-layout-flow wp-block-group-is-layout-flow\">\n<div style=\"height:80px\" aria-hidden=\"true\" class=\"wp-block-spacer\"><\/div>\n\n\n\n<div class=\"wp-block-columns are-vertically-aligned-center is-layout-flex wp-container-core-columns-is-layout-2 wp-block-columns-is-layout-flex\">\n<div class=\"wp-block-column is-vertically-aligned-center is-layout-flow wp-block-column-is-layout-flow\" style=\"flex-basis:50%\">\n<h2 class=\"wp-block-heading has-nv-text-dark-bg-color has-text-color\">Los valores que nos gu\u00edan<\/h2>\n\n\n\n<p class=\"has-nv-text-dark-bg-color has-text-color\">En GCDC Property Management, nos preocupamos por sus necesidades.  Nuestro equipo cualificado, competente y responsable le proporcionar\u00e1 la calidad de vida que se merece. \u00a1Elija GCDC Property Management para una gesti\u00f3n eficiente de sus condominios!<\/p>\n\n\n\n<div style=\"height:20px\" aria-hidden=\"true\" class=\"wp-block-spacer\"><\/div>\n\n\n\n<div class=\"wp-block-buttons is-layout-flex wp-block-buttons-is-layout-flex\">\n<div class=\"wp-block-button is-style-primary\"><a class=\"wp-block-button__link wp-element-button\" href=\"https:\/\/gcdcpropertymgt.com\/es\/contact-us\/\">Contact\u00e1nos<\/a><\/div>\n<\/div>\n\n\n\n<div style=\"height:20px\" aria-hidden=\"true\" class=\"wp-block-spacer\"><\/div>\n<\/div>\n\n\n\n<div class=\"wp-block-column is-vertically-aligned-center is-layout-flow wp-block-column-is-layout-flow\" style=\"flex-basis:50%\">\n<figure class=\"wp-block-image size-full\"><img fetchpriority=\"high\" decoding=\"async\" width=\"800\" height=\"800\" src=\"https:\/\/ml0eqcvxrygk.i.optimole.com\/w:auto\/h:auto\/q:mauto\/f:best\/https:\/\/gcdcpropertymgt.com\/wp-content\/uploads\/2023\/09\/About-Us.jpg\" alt=\"\" class=\"wp-image-634\" srcset=\"https:\/\/ml0eqcvxrygk.i.optimole.com\/w:auto\/h:auto\/q:mauto\/f:best\/https:\/\/gcdcpropertymgt.com\/wp-content\/uploads\/2023\/09\/About-Us.jpg 800w, https:\/\/ml0eqcvxrygk.i.optimole.com\/w:300\/h:300\/q:mauto\/f:best\/https:\/\/gcdcpropertymgt.com\/wp-content\/uploads\/2023\/09\/About-Us.jpg 300w, https:\/\/ml0eqcvxrygk.i.optimole.com\/w:150\/h:150\/q:mauto\/rt:fill\/g:ce\/f:best\/https:\/\/gcdcpropertymgt.com\/wp-content\/uploads\/2023\/09\/About-Us.jpg 150w, https:\/\/ml0eqcvxrygk.i.optimole.com\/w:768\/h:768\/q:mauto\/f:best\/https:\/\/gcdcpropertymgt.com\/wp-content\/uploads\/2023\/09\/About-Us.jpg 768w\" sizes=\"(max-width: 800px) 100vw, 800px\" \/><\/figure>\n<\/div>\n<\/div>\n\n\n\n<div style=\"height:40px\" aria-hidden=\"true\" class=\"wp-block-spacer\"><\/div>\n<\/div><\/div>\n<\/div><\/div>\n\n\n\n<div class=\"wp-block-cover alignfull\" style=\"min-height:420px;aspect-ratio:unset;\"><span aria-hidden=\"true\" class=\"wp-block-cover__background has-nv-site-bg-background-color has-background-dim-100 has-background-dim\"><\/span><div class=\"wp-block-cover__inner-container is-layout-flow wp-block-cover-is-layout-flow\">\n<div style=\"height:80px\" aria-hidden=\"true\" class=\"wp-block-spacer\"><\/div>\n\n\n\n<div class=\"wp-block-columns is-layout-flex wp-container-core-columns-is-layout-3 wp-block-columns-is-layout-flex\">\n<div class=\"wp-block-column ticss-4ce656f1 is-layout-flow wp-block-column-is-layout-flow\">\n<figure class=\"wp-block-image size-large icon-style is-style-rounded\"><img fetchpriority=\"high\" decoding=\"async\" width=\"72\" height=\"72\" src=\"https:\/\/ml0eqcvxrygk.i.optimole.com\/w:auto\/h:auto\/q:mauto\/f:best\/http:\/\/gcdcpropertymgt.com\/wp-content\/uploads\/2020\/01\/neve-webdesign-GB-03.png\" alt=\"\" class=\"wp-image-20\"\/><\/figure>\n\n\n\n<div style=\"height:24px\" aria-hidden=\"true\" class=\"wp-block-spacer\"><\/div>\n\n\n\n<h3 class=\"wp-block-heading has-text-align-left has-text-align-center has-neve-text-color-color has-text-color\">Servicio s\u00faper eficiente<\/h3>\n\n\n\n<p class=\"has-text-align-left has-neve-text-color-color has-text-color\" style=\"font-size:15px\">El servicio al cliente es nuestra prioridad y nos comprometemos a facilitar un servicio cualificado, r\u00e1pido, cort\u00e9s y personalizado en cualquier momento.... <\/p>\n\n\n\n<div style=\"height:20px\" aria-hidden=\"true\" class=\"wp-block-spacer\"><\/div>\n<\/div>\n\n\n\n<div class=\"wp-block-column ticss-f6fc7494 is-layout-flow wp-block-column-is-layout-flow\">\n<figure class=\"wp-block-image size-large icon-style is-style-rounded\"><img fetchpriority=\"high\" decoding=\"async\" width=\"72\" height=\"72\" src=\"https:\/\/ml0eqcvxrygk.i.optimole.com\/w:auto\/h:auto\/q:mauto\/f:best\/http:\/\/gcdcpropertymgt.com\/wp-content\/uploads\/2020\/01\/neve-webdesign-GB-03.png\" alt=\"\" class=\"wp-image-20\"\/><\/figure>\n\n\n\n<div style=\"height:24px\" aria-hidden=\"true\" class=\"wp-block-spacer\"><\/div>\n\n\n\n<h3 class=\"wp-block-heading has-text-align-left has-text-align-center has-neve-text-color-color has-text-color\">Profundamente comprometidos<\/h3>\n\n\n\n<p class=\"has-text-align-left has-neve-text-color-color has-text-color\" style=\"font-size:15px\">Cada comunidad de propietarios y cada edificio son \u00fanicos y requieren un enfoque personalizado. GCDC Property Management siempre superar\u00e1 sus expectativas.<\/p>\n\n\n\n<div style=\"height:20px\" aria-hidden=\"true\" class=\"wp-block-spacer\"><\/div>\n<\/div>\n\n\n\n<div class=\"wp-block-column ticss-a5b4df29 is-layout-flow wp-block-column-is-layout-flow\">\n<figure class=\"wp-block-image size-large icon-style is-style-rounded\"><img fetchpriority=\"high\" decoding=\"async\" width=\"72\" height=\"72\" src=\"https:\/\/ml0eqcvxrygk.i.optimole.com\/w:auto\/h:auto\/q:mauto\/f:best\/http:\/\/gcdcpropertymgt.com\/wp-content\/uploads\/2020\/01\/neve-webdesign-GB-03.png\" alt=\"\" class=\"wp-image-20\"\/><\/figure>\n\n\n\n<div style=\"height:24px\" aria-hidden=\"true\" class=\"wp-block-spacer\"><\/div>\n\n\n\n<h3 class=\"wp-block-heading has-text-align-left has-text-align-center has-neve-text-color-color has-text-color\">Altamente cualificados<\/h3>\n\n\n\n<p class=\"has-text-align-left has-neve-text-color-color has-text-color\" style=\"font-size:15px\">Con 20 a\u00f1os de experiencia, nuestro equipo podr\u00e1 evaluar, aconsejar y proponer alternativas para resolver sus necesidades.<\/p>\n\n\n\n<div style=\"height:20px\" aria-hidden=\"true\" class=\"wp-block-spacer\"><\/div>\n<\/div>\n<\/div>\n\n\n\n<div style=\"height:30px\" aria-hidden=\"true\" class=\"wp-block-spacer\"><\/div>\n<\/div><\/div>","protected":false},"excerpt":{"rendered":"","protected":false},"author":1,"featured_media":0,"parent":0,"menu_order":0,"comment_status":"closed","ping_status":"closed","template":"","meta":{"neve_meta_sidebar":"default","neve_meta_container":"default","neve_meta_enable_content_width":"on","neve_meta_content_width":100,"neve_meta_title_alignment":"","neve_meta_author_avatar":"","neve_post_elements_order":"","neve_meta_disable_header":"off","neve_meta_disable_footer":"off","neve_meta_disable_title":"on","_themeisle_gutenberg_block_has_review":false,"_ti_tpc_template_sync":false,"_ti_tpc_template_id":"eex7gnweb2m8vo93cr1g","footnotes":""},"class_list":["post-61","page","type-page","status-publish","hentry"],"aioseo_notices":[],"_links":{"self":[{"href":"https:\/\/gcdcpropertymgt.com\/es\/wp-json\/wp\/v2\/pages\/61","targetHints":{"allow":["GET"]}}],"collection":[{"href":"https:\/\/gcdcpropertymgt.com\/es\/wp-json\/wp\/v2\/pages"}],"about":[{"href":"https:\/\/gcdcpropertymgt.com\/es\/wp-json\/wp\/v2\/types\/page"}],"author":[{"embeddable":true,"href":"https:\/\/gcdcpropertymgt.com\/es\/wp-json\/wp\/v2\/users\/1"}],"replies":[{"embeddable":true,"href":"https:\/\/gcdcpropertymgt.com\/es\/wp-json\/wp\/v2\/comments?post=61"}],"version-history":[{"count":13,"href":"https:\/\/gcdcpropertymgt.com\/es\/wp-json\/wp\/v2\/pages\/61\/revisions"}],"predecessor-version":[{"id":916,"href":"https:\/\/gcdcpropertymgt.com\/es\/wp-json\/wp\/v2\/pages\/61\/revisions\/916"}],"wp:attachment":[{"href":"https:\/\/gcdcpropertymgt.com\/es\/wp-json\/wp\/v2\/media?parent=61"}],"curies":[{"name":"wp","href":"https:\/\/api.w.org\/{rel}","templated":true}]}}