{"id":61,"date":"2020-01-23T18:21:52","date_gmt":"2020-01-23T18:21:52","guid":{"rendered":"https:\/\/demosites.io\/web-agency-gb\/?page_id=61"},"modified":"2023-10-01T16:23:30","modified_gmt":"2023-10-01T20:23:30","slug":"about-us","status":"publish","type":"page","link":"https:\/\/gcdcpropertymgt.com\/fr\/about-us\/","title":{"rendered":"\u00c0 propos"},"content":{"rendered":"<div class=\"wp-block-cover alignfull\" style=\"min-height:100px;aspect-ratio:unset;\"><span aria-hidden=\"true\" class=\"wp-block-cover__background has-nv-site-bg-background-color has-background-dim-100 has-background-dim\"><\/span><div class=\"wp-block-cover__inner-container is-layout-flow wp-block-cover-is-layout-flow\">\n<div class=\"wp-block-group\"><div class=\"wp-block-group__inner-container is-layout-flow wp-block-group-is-layout-flow\">\n<h1 class=\"wp-block-heading has-text-align-left has-neve-text-color-color has-text-color\">\u00c0 propos<\/h1>\n<\/div><\/div>\n<\/div><\/div>\n\n\n\n<div class=\"wp-block-cover alignfull\" style=\"min-height:600px;aspect-ratio:unset;\"><span aria-hidden=\"true\" class=\"wp-block-cover__background has-nv-light-bg-background-color has-background-dim-100 has-background-dim\"><\/span><div class=\"wp-block-cover__inner-container is-layout-flow wp-block-cover-is-layout-flow\">\n<div class=\"wp-block-group\"><div class=\"wp-block-group__inner-container is-layout-flow wp-block-group-is-layout-flow\">\n<div style=\"height:80px\" aria-hidden=\"true\" class=\"wp-block-spacer\"><\/div>\n\n\n\n<div class=\"wp-block-columns are-vertically-aligned-center has-neve-text-color-color has-text-color is-layout-flex wp-container-core-columns-is-layout-1 wp-block-columns-is-layout-flex\">\n<div class=\"wp-block-column is-vertically-aligned-center is-layout-flow wp-block-column-is-layout-flow\" style=\"flex-basis:50%\">\n<figure class=\"wp-block-image size-large\"><img fetchpriority=\"high\" decoding=\"async\" width=\"600\" height=\"600\" src=\"https:\/\/ml0eqcvxrygk.i.optimole.com\/w:auto\/h:auto\/q:mauto\/f:best\/http:\/\/gcdcpropertymgt.com\/wp-content\/uploads\/2020\/01\/neve-web-design-bg-09.jpg\" alt=\"\" class=\"wp-image-36\" srcset=\"https:\/\/ml0eqcvxrygk.i.optimole.com\/w:auto\/h:auto\/q:mauto\/f:best\/https:\/\/gcdcpropertymgt.com\/wp-content\/uploads\/2020\/01\/neve-web-design-bg-09.jpg 600w, https:\/\/ml0eqcvxrygk.i.optimole.com\/w:300\/h:300\/q:mauto\/f:best\/https:\/\/gcdcpropertymgt.com\/wp-content\/uploads\/2020\/01\/neve-web-design-bg-09.jpg 300w, https:\/\/ml0eqcvxrygk.i.optimole.com\/w:150\/h:150\/q:mauto\/rt:fill\/g:ce\/f:best\/https:\/\/gcdcpropertymgt.com\/wp-content\/uploads\/2020\/01\/neve-web-design-bg-09.jpg 150w\" sizes=\"(max-width: 600px) 100vw, 600px\" \/><\/figure>\n<\/div>\n\n\n\n<div class=\"wp-block-column is-vertically-aligned-center is-layout-flow wp-block-column-is-layout-flow\" style=\"flex-basis:50%\">\n<h2 class=\"wp-block-heading has-neve-text-color-color has-text-color\">\u00c0 Propos<\/h2>\n\n\n\n<p>Avec plus de 20 ans d'exp\u00e9rience dans les investissements HOA et une exp\u00e9rience reconnue dans la gestion de condominiums et de propri\u00e9t\u00e9s, notre \u00e9quipe est bien \u00e9quip\u00e9e pour vous conseiller et s'efforce de fournir un service efficace !<\/p>\n\n\n\n<p>Notre \u00e9quipe se compose de gestionnaires immobiliers, soutien administratif, comptable, agent de location, experts en marketing num\u00e9rique, d\u00e9corateur d'int\u00e9rieur, photographe et courtier immobilier.<\/p>\n<\/div>\n<\/div>\n\n\n\n<div style=\"height:40px\" aria-hidden=\"true\" class=\"wp-block-spacer\"><\/div>\n<\/div><\/div>\n<\/div><\/div>\n\n\n\n<div class=\"wp-block-cover alignfull\" style=\"min-height:600px;aspect-ratio:unset;\"><span aria-hidden=\"true\" class=\"wp-block-cover__background has-nv-dark-bg-background-color has-background-dim-100 has-background-dim\"><\/span><div class=\"wp-block-cover__inner-container is-layout-flow wp-block-cover-is-layout-flow\">\n<div class=\"wp-block-group\"><div class=\"wp-block-group__inner-container is-layout-flow wp-block-group-is-layout-flow\">\n<div style=\"height:80px\" aria-hidden=\"true\" class=\"wp-block-spacer\"><\/div>\n\n\n\n<div class=\"wp-block-columns are-vertically-aligned-center is-layout-flex wp-container-core-columns-is-layout-2 wp-block-columns-is-layout-flex\">\n<div class=\"wp-block-column is-vertically-aligned-center is-layout-flow wp-block-column-is-layout-flow\" style=\"flex-basis:50%\">\n<h2 class=\"wp-block-heading has-nv-text-dark-bg-color has-text-color\">Des principes qui s'appuient sur des valeurs<\/h2>\n\n\n\n<p class=\"has-nv-text-dark-bg-color has-text-color\">Chez GCDC Property Management, nous nous soucions de vos besoins.  Notre \u00e9quipe qualifi\u00e9e, comp\u00e9tente et responsable vous donnera la qualit\u00e9 de vie que vous m\u00e9ritez ! Choisissez GCDC Property Management pour une gestion efficace de vos condominiums !<\/p>\n\n\n\n<div style=\"height:20px\" aria-hidden=\"true\" class=\"wp-block-spacer\"><\/div>\n\n\n\n<div class=\"wp-block-buttons is-layout-flex wp-block-buttons-is-layout-flex\">\n<div class=\"wp-block-button is-style-primary\"><a class=\"wp-block-button__link wp-element-button\" href=\"https:\/\/gcdcpropertymgt.com\/fr\/contact-us\/\">Nous Joindre<\/a><\/div>\n<\/div>\n\n\n\n<div style=\"height:20px\" aria-hidden=\"true\" class=\"wp-block-spacer\"><\/div>\n<\/div>\n\n\n\n<div class=\"wp-block-column is-vertically-aligned-center is-layout-flow wp-block-column-is-layout-flow\" style=\"flex-basis:50%\">\n<figure class=\"wp-block-image size-full\"><img fetchpriority=\"high\" decoding=\"async\" width=\"800\" height=\"800\" src=\"https:\/\/ml0eqcvxrygk.i.optimole.com\/w:auto\/h:auto\/q:mauto\/f:best\/https:\/\/gcdcpropertymgt.com\/wp-content\/uploads\/2023\/09\/About-Us.jpg\" alt=\"\" class=\"wp-image-634\" srcset=\"https:\/\/ml0eqcvxrygk.i.optimole.com\/w:auto\/h:auto\/q:mauto\/f:best\/https:\/\/gcdcpropertymgt.com\/wp-content\/uploads\/2023\/09\/About-Us.jpg 800w, https:\/\/ml0eqcvxrygk.i.optimole.com\/w:300\/h:300\/q:mauto\/f:best\/https:\/\/gcdcpropertymgt.com\/wp-content\/uploads\/2023\/09\/About-Us.jpg 300w, https:\/\/ml0eqcvxrygk.i.optimole.com\/w:150\/h:150\/q:mauto\/rt:fill\/g:ce\/f:best\/https:\/\/gcdcpropertymgt.com\/wp-content\/uploads\/2023\/09\/About-Us.jpg 150w, https:\/\/ml0eqcvxrygk.i.optimole.com\/w:768\/h:768\/q:mauto\/f:best\/https:\/\/gcdcpropertymgt.com\/wp-content\/uploads\/2023\/09\/About-Us.jpg 768w\" sizes=\"(max-width: 800px) 100vw, 800px\" \/><\/figure>\n<\/div>\n<\/div>\n\n\n\n<div style=\"height:40px\" aria-hidden=\"true\" class=\"wp-block-spacer\"><\/div>\n<\/div><\/div>\n<\/div><\/div>\n\n\n\n<div class=\"wp-block-cover alignfull\" style=\"min-height:420px;aspect-ratio:unset;\"><span aria-hidden=\"true\" class=\"wp-block-cover__background has-nv-site-bg-background-color has-background-dim-100 has-background-dim\"><\/span><div class=\"wp-block-cover__inner-container is-layout-flow wp-block-cover-is-layout-flow\">\n<div style=\"height:80px\" aria-hidden=\"true\" class=\"wp-block-spacer\"><\/div>\n\n\n\n<div class=\"wp-block-columns is-layout-flex wp-container-core-columns-is-layout-3 wp-block-columns-is-layout-flex\">\n<div class=\"wp-block-column ticss-4ce656f1 is-layout-flow wp-block-column-is-layout-flow\">\n<figure class=\"wp-block-image size-large icon-style is-style-rounded\"><img fetchpriority=\"high\" decoding=\"async\" width=\"72\" height=\"72\" src=\"https:\/\/ml0eqcvxrygk.i.optimole.com\/w:auto\/h:auto\/q:mauto\/f:best\/http:\/\/gcdcpropertymgt.com\/wp-content\/uploads\/2020\/01\/neve-webdesign-GB-03.png\" alt=\"\" class=\"wp-image-20\"\/><\/figure>\n\n\n\n<div style=\"height:24px\" aria-hidden=\"true\" class=\"wp-block-spacer\"><\/div>\n\n\n\n<h3 class=\"wp-block-heading has-text-align-left has-text-align-center has-neve-text-color-color has-text-color\">Super Efficaces<\/h3>\n\n\n\n<p class=\"has-text-align-left has-neve-text-color-color has-text-color\" style=\"font-size:15px\">Le service \u00e0 la client\u00e8le est notre priorit\u00e9 et nous nous engageons \u00e0 fournir un service qualifi\u00e9, rapide, courtois et personnalis\u00e9 \u00e0 tout moment. <\/p>\n\n\n\n<div style=\"height:20px\" aria-hidden=\"true\" class=\"wp-block-spacer\"><\/div>\n<\/div>\n\n\n\n<div class=\"wp-block-column ticss-f6fc7494 is-layout-flow wp-block-column-is-layout-flow\">\n<figure class=\"wp-block-image size-large icon-style is-style-rounded\"><img fetchpriority=\"high\" decoding=\"async\" width=\"72\" height=\"72\" src=\"https:\/\/ml0eqcvxrygk.i.optimole.com\/w:auto\/h:auto\/q:mauto\/f:best\/http:\/\/gcdcpropertymgt.com\/wp-content\/uploads\/2020\/01\/neve-webdesign-GB-03.png\" alt=\"\" class=\"wp-image-20\"\/><\/figure>\n\n\n\n<div style=\"height:24px\" aria-hidden=\"true\" class=\"wp-block-spacer\"><\/div>\n\n\n\n<h3 class=\"wp-block-heading has-text-align-left has-text-align-center has-neve-text-color-color has-text-color\">Profond\u00e9ment engag\u00e9s<\/h3>\n\n\n\n<p class=\"has-text-align-left has-neve-text-color-color has-text-color\" style=\"font-size:15px\">Chaque association de copropri\u00e9taires et chaque immeuble sont uniques et n\u00e9cessitent une approche personnalis\u00e9e. GCDC Property Management surpassera toujours vos attentes.<\/p>\n\n\n\n<div style=\"height:20px\" aria-hidden=\"true\" class=\"wp-block-spacer\"><\/div>\n<\/div>\n\n\n\n<div class=\"wp-block-column ticss-a5b4df29 is-layout-flow wp-block-column-is-layout-flow\">\n<figure class=\"wp-block-image size-large icon-style is-style-rounded\"><img fetchpriority=\"high\" decoding=\"async\" width=\"72\" height=\"72\" src=\"https:\/\/ml0eqcvxrygk.i.optimole.com\/w:auto\/h:auto\/q:mauto\/f:best\/http:\/\/gcdcpropertymgt.com\/wp-content\/uploads\/2020\/01\/neve-webdesign-GB-03.png\" alt=\"\" class=\"wp-image-20\"\/><\/figure>\n\n\n\n<div style=\"height:24px\" aria-hidden=\"true\" class=\"wp-block-spacer\"><\/div>\n\n\n\n<h3 class=\"wp-block-heading has-text-align-left has-text-align-center has-neve-text-color-color has-text-color\">Hautement qualifi\u00e9s<\/h3>\n\n\n\n<p class=\"has-text-align-left has-neve-text-color-color has-text-color\" style=\"font-size:15px\">Avec ses 20 ans d'exp\u00e9rience, notre \u00e9quipe sera en mesure d'\u00e9valuer, de conseiller et de proposer des alternatives afin de r\u00e9pondre \u00e0 vos besoins.<\/p>\n\n\n\n<div style=\"height:20px\" aria-hidden=\"true\" class=\"wp-block-spacer\"><\/div>\n<\/div>\n<\/div>\n\n\n\n<div style=\"height:30px\" aria-hidden=\"true\" class=\"wp-block-spacer\"><\/div>\n<\/div><\/div>","protected":false},"excerpt":{"rendered":"","protected":false},"author":1,"featured_media":0,"parent":0,"menu_order":0,"comment_status":"closed","ping_status":"closed","template":"","meta":{"neve_meta_sidebar":"default","neve_meta_container":"default","neve_meta_enable_content_width":"on","neve_meta_content_width":100,"neve_meta_title_alignment":"","neve_meta_author_avatar":"","neve_post_elements_order":"","neve_meta_disable_header":"off","neve_meta_disable_footer":"off","neve_meta_disable_title":"on","_themeisle_gutenberg_block_has_review":false,"_ti_tpc_template_sync":false,"_ti_tpc_template_id":"eex7gnweb2m8vo93cr1g","footnotes":""},"class_list":["post-61","page","type-page","status-publish","hentry"],"aioseo_notices":[],"_links":{"self":[{"href":"https:\/\/gcdcpropertymgt.com\/fr\/wp-json\/wp\/v2\/pages\/61","targetHints":{"allow":["GET"]}}],"collection":[{"href":"https:\/\/gcdcpropertymgt.com\/fr\/wp-json\/wp\/v2\/pages"}],"about":[{"href":"https:\/\/gcdcpropertymgt.com\/fr\/wp-json\/wp\/v2\/types\/page"}],"author":[{"embeddable":true,"href":"https:\/\/gcdcpropertymgt.com\/fr\/wp-json\/wp\/v2\/users\/1"}],"replies":[{"embeddable":true,"href":"https:\/\/gcdcpropertymgt.com\/fr\/wp-json\/wp\/v2\/comments?post=61"}],"version-history":[{"count":13,"href":"https:\/\/gcdcpropertymgt.com\/fr\/wp-json\/wp\/v2\/pages\/61\/revisions"}],"predecessor-version":[{"id":916,"href":"https:\/\/gcdcpropertymgt.com\/fr\/wp-json\/wp\/v2\/pages\/61\/revisions\/916"}],"wp:attachment":[{"href":"https:\/\/gcdcpropertymgt.com\/fr\/wp-json\/wp\/v2\/media?parent=61"}],"curies":[{"name":"wp","href":"https:\/\/api.w.org\/{rel}","templated":true}]}}