{"id":781,"date":"2023-09-28T17:10:23","date_gmt":"2023-09-28T21:10:23","guid":{"rendered":"https:\/\/gcdcpropertymgt.com\/?page_id=781"},"modified":"2023-10-02T12:25:36","modified_gmt":"2023-10-02T16:25:36","slug":"property-management","status":"publish","type":"page","link":"https:\/\/gcdcpropertymgt.com\/fr\/property-management\/","title":{"rendered":"Gestion locative"},"content":{"rendered":"<h1 class=\"wp-block-heading\">Gestion locative<\/h1>\n\n\n\n<div class=\"wp-block-cover alignfull\" style=\"min-height:600px;aspect-ratio:unset;\"><span aria-hidden=\"true\" class=\"wp-block-cover__background has-nv-light-bg-background-color has-background-dim-100 has-background-dim\"><\/span><div class=\"wp-block-cover__inner-container is-layout-flow wp-block-cover-is-layout-flow\">\n<div class=\"wp-block-group\"><div class=\"wp-block-group__inner-container is-layout-flow wp-block-group-is-layout-flow\">\n<div style=\"height:80px\" aria-hidden=\"true\" class=\"wp-block-spacer\"><\/div>\n\n\n\n<div class=\"wp-block-columns are-vertically-aligned-top has-neve-text-color-color has-text-color is-layout-flex wp-container-core-columns-is-layout-1 wp-block-columns-is-layout-flex\">\n<div class=\"wp-block-column is-vertically-aligned-top is-layout-flow wp-block-column-is-layout-flow\" style=\"flex-basis:50%\">\n<figure class=\"wp-block-image size-full\"><img fetchpriority=\"high\" decoding=\"async\" width=\"550\" height=\"550\" src=\"https:\/\/ml0eqcvxrygk.i.optimole.com\/w:auto\/h:auto\/q:mauto\/f:best\/https:\/\/gcdcpropertymgt.com\/wp-content\/uploads\/2023\/09\/Property-Management-1.jpg\" alt=\"\" class=\"wp-image-631\" srcset=\"https:\/\/ml0eqcvxrygk.i.optimole.com\/w:auto\/h:auto\/q:mauto\/f:best\/https:\/\/gcdcpropertymgt.com\/wp-content\/uploads\/2023\/09\/Property-Management-1.jpg 550w, https:\/\/ml0eqcvxrygk.i.optimole.com\/w:300\/h:300\/q:mauto\/f:best\/https:\/\/gcdcpropertymgt.com\/wp-content\/uploads\/2023\/09\/Property-Management-1.jpg 300w, https:\/\/ml0eqcvxrygk.i.optimole.com\/w:150\/h:150\/q:mauto\/rt:fill\/g:ce\/f:best\/https:\/\/gcdcpropertymgt.com\/wp-content\/uploads\/2023\/09\/Property-Management-1.jpg 150w\" sizes=\"(max-width: 550px) 100vw, 550px\" \/><\/figure>\n<\/div>\n\n\n\n<div class=\"wp-block-column is-vertically-aligned-top is-layout-flow wp-block-column-is-layout-flow\" style=\"flex-basis:50%\">\n<h2 class=\"wp-block-heading has-neve-text-color-color has-text-color has-medium-font-size\"><strong>Associations de Propri\u00e9taires<\/strong><\/h2>\n\n\n\n<ul class=\"wp-block-list\">\n<li>R\u00e9unions du conseil d'administration<\/li>\n\n\n\n<li>Participation \u00e0 l'assembl\u00e9e annuelle<\/li>\n\n\n\n<li>Syst\u00e8me d'archivage \u00e9lectronique des proc\u00e8s-verbaux des r\u00e9unions<\/li>\n<\/ul>\n\n\n\n<h3 class=\"wp-block-heading has-neve-text-color-color has-text-color has-medium-font-size\">Gestion des espaces communs<\/h3>\n\n\n\n<ul class=\"wp-block-list\">\n<li>Inspection du site et rapport d'inspection du b\u00e2timent<\/li>\n\n\n\n<li>Livret d'entretien des b\u00e2timents<\/li>\n<\/ul>\n\n\n\n<h3 class=\"wp-block-heading has-medium-font-size\">Gestion de copropri\u00e9t\u00e9<\/h3>\n\n\n\n<ul class=\"wp-block-list\">\n<li>Inspection et entretien<\/li>\n<\/ul>\n\n\n\n<h3 class=\"wp-block-heading has-medium-font-size\">Services financiers<\/h3>\n\n\n\n<ul class=\"wp-block-list\">\n<li>Comptabilit\u00e9, tenue de livres<\/li>\n\n\n\n<li>\u00c9tats financiers<\/li>\n\n\n\n<li>Budgets, r\u00e9conciliations bancaires et bilans.<\/li>\n\n\n\n<li>Syst\u00e8me d'archivage \u00e9lectronique de tous les documents comptables et financiers&nbsp;&nbsp;<\/li>\n<\/ul>\n\n\n\n<h3 class=\"wp-block-heading has-medium-font-size\">Acc\u00e8s en ligne au portail du propri\u00e9taire<\/h3>\n\n\n\n<ul class=\"wp-block-list\">\n<li>Paiement des factures de copropri\u00e9t\u00e9<\/li>\n<\/ul>\n\n\n\n<h3 class=\"wp-block-heading has-medium-font-size\">Votre \u00e9quipe locale d\u00e9vou\u00e9e<\/h3>\n<\/div>\n<\/div>\n\n\n\n<div style=\"height:40px\" aria-hidden=\"true\" class=\"wp-block-spacer\"><\/div>\n<\/div><\/div>\n<\/div><\/div>\n\n\n\n<div class=\"wp-block-cover alignfull\" style=\"min-height:300px;aspect-ratio:unset;\"><span aria-hidden=\"true\" class=\"wp-block-cover__background has-nv-dark-bg-background-color has-background-dim-100 has-background-dim\"><\/span><div class=\"wp-block-cover__inner-container is-layout-flow wp-block-cover-is-layout-flow\">\n<div style=\"height:140px\" aria-hidden=\"true\" class=\"wp-block-spacer\"><\/div>\n\n\n\n<h2 class=\"wp-block-heading has-text-align-center has-nv-text-dark-bg-color has-text-color translation-block\">Travaillons ensemble sur votre prochain projet<\/h2>\n\n\n\n<p class=\"has-text-align-center\">Notre priorit\u00e9 est d'offrir l'excellence et la tranquillit\u00e9 d'esprit. <\/p>\n\n\n\n<h2 class=\"wp-block-heading has-text-align-center has-nv-text-dark-bg-color has-text-color has-large-font-size\">Pour discuter de vos besoins sp\u00e9cifiques<\/h2>\n\n\n\n<div class=\"wp-block-buttons is-horizontal is-content-justification-center is-layout-flex wp-container-core-buttons-is-layout-1 wp-block-buttons-is-layout-flex\">\n<div class=\"wp-block-button is-style-primary\"><a class=\"wp-block-button__link wp-element-button\" href=\"http:\/\/gcdcpropertymgt.com\/fr\/contact-us\/\">Contactez-nous<\/a><\/div>\n<\/div>\n\n\n\n<div style=\"height:140px\" aria-hidden=\"true\" class=\"wp-block-spacer\"><\/div>\n<\/div><\/div>","protected":false},"excerpt":{"rendered":"<p>Gestion locative<\/p>","protected":false},"author":1,"featured_media":0,"parent":0,"menu_order":0,"comment_status":"closed","ping_status":"closed","template":"","meta":{"neve_meta_sidebar":"","neve_meta_container":"","neve_meta_enable_content_width":"on","neve_meta_content_width":100,"neve_meta_title_alignment":"","neve_meta_author_avatar":"","neve_post_elements_order":"","neve_meta_disable_header":"","neve_meta_disable_footer":"","neve_meta_disable_title":"on","_themeisle_gutenberg_block_has_review":false,"_ti_tpc_template_sync":false,"_ti_tpc_template_id":"","footnotes":""},"class_list":["post-781","page","type-page","status-publish","hentry"],"aioseo_notices":[],"_links":{"self":[{"href":"https:\/\/gcdcpropertymgt.com\/fr\/wp-json\/wp\/v2\/pages\/781","targetHints":{"allow":["GET"]}}],"collection":[{"href":"https:\/\/gcdcpropertymgt.com\/fr\/wp-json\/wp\/v2\/pages"}],"about":[{"href":"https:\/\/gcdcpropertymgt.com\/fr\/wp-json\/wp\/v2\/types\/page"}],"author":[{"embeddable":true,"href":"https:\/\/gcdcpropertymgt.com\/fr\/wp-json\/wp\/v2\/users\/1"}],"replies":[{"embeddable":true,"href":"https:\/\/gcdcpropertymgt.com\/fr\/wp-json\/wp\/v2\/comments?post=781"}],"version-history":[{"count":37,"href":"https:\/\/gcdcpropertymgt.com\/fr\/wp-json\/wp\/v2\/pages\/781\/revisions"}],"predecessor-version":[{"id":929,"href":"https:\/\/gcdcpropertymgt.com\/fr\/wp-json\/wp\/v2\/pages\/781\/revisions\/929"}],"wp:attachment":[{"href":"https:\/\/gcdcpropertymgt.com\/fr\/wp-json\/wp\/v2\/media?parent=781"}],"curies":[{"name":"wp","href":"https:\/\/api.w.org\/{rel}","templated":true}]}}